{"id":1532,"date":"2023-01-25T11:59:16","date_gmt":"2023-01-25T11:59:16","guid":{"rendered":"https:\/\/9726a3f7-7195-456e-9efb-607ee882dc30.eu05.conves.io\/?page_id=1532"},"modified":"2025-08-18T13:37:06","modified_gmt":"2025-08-18T13:37:06","slug":"objectives","status":"publish","type":"page","link":"https:\/\/ka1integrart.eu\/pt\/objectives\/","title":{"rendered":"Objectivos"},"content":{"rendered":"<div data-elementor-type=\"wp-page\" data-elementor-id=\"1532\" class=\"elementor elementor-1532\" data-elementor-post-type=\"page\">\n\t\t\t\t\t\t<section class=\"has_eae_slider elementor-section elementor-top-section elementor-element elementor-element-be8b287 elementor-section-full_width elementor-section-height-default elementor-section-height-default\" data-eae-slider=\"46193\" data-id=\"be8b287\" data-element_type=\"section\" data-e-type=\"section\" data-settings=\"{&quot;background_background&quot;:&quot;classic&quot;}\">\n\t\t\t\t\t\t<div class=\"elementor-container elementor-column-gap-default\">\n\t\t\t\t\t<div class=\"has_eae_slider elementor-column elementor-col-100 elementor-top-column elementor-element elementor-element-ee21998\" data-eae-slider=\"41104\" data-id=\"ee21998\" data-element_type=\"column\" data-e-type=\"column\">\n\t\t\t<div class=\"elementor-widget-wrap elementor-element-populated\">\n\t\t\t\t\t\t<div class=\"elementor-element elementor-element-69e09c7 elementor-widget elementor-widget-heading\" data-id=\"69e09c7\" data-element_type=\"widget\" data-e-type=\"widget\" data-widget_type=\"heading.default\">\n\t\t\t\t<div class=\"elementor-widget-container\">\n\t\t\t\t\t<h2 class=\"elementor-heading-title elementor-size-default\">Objectivos<\/h2>\t\t\t\t<\/div>\n\t\t\t\t<\/div>\n\t\t\t\t<div class=\"elementor-element elementor-element-fac178f elementor-widget-divider--view-line elementor-widget elementor-widget-divider\" data-id=\"fac178f\" data-element_type=\"widget\" data-e-type=\"widget\" data-widget_type=\"divider.default\">\n\t\t\t\t<div class=\"elementor-widget-container\">\n\t\t\t\t\t\t\t<div class=\"elementor-divider\">\n\t\t\t<span class=\"elementor-divider-separator\">\n\t\t\t\t\t\t<\/span>\n\t\t<\/div>\n\t\t\t\t\t\t<\/div>\n\t\t\t\t<\/div>\n\t\t\t\t<div class=\"elementor-element elementor-element-de9db09 elementor-widget elementor-widget-text-editor\" data-id=\"de9db09\" data-element_type=\"widget\" data-e-type=\"widget\" data-widget_type=\"text-editor.default\">\n\t\t\t\t<div class=\"elementor-widget-container\">\n\t\t\t\t\t\t\t\t\t<p>IntegrArt dedica-se a promover a inclus\u00e3o social e o envolvimento da comunidade atrav\u00e9s de abordagens inovadoras baseadas na arte. O projeto articula-se em torno de tr\u00eas objectivos fundamentais:<\/p><ul><li>Utiliza\u00e7\u00e3o da arte upcycled para a inclus\u00e3o social: o projeto visa dotar os membros do pessoal de conhecimentos e compet\u00eancias em processos e t\u00e9cnicas de arte upcycled. Estes m\u00e9todos foram concebidos para promover a inclus\u00e3o social de indiv\u00edduos adultos com antecedentes migrat\u00f3rios que enfrentam desafios na integra\u00e7\u00e3o na sociedade.<\/li><li>Promover o envolvimento pr\u00f3-ativo atrav\u00e9s da educa\u00e7\u00e3o art\u00edstica: o projeto enfatiza o desenvolvimento de compet\u00eancias na presta\u00e7\u00e3o de uma educa\u00e7\u00e3o eficaz baseada na arte, adaptada a adultos migrantes desfavorecidos. Ao utilizar a arte como uma ferramenta de aprendizagem e intera\u00e7\u00e3o, o IntegrArt visa incentivar o envolvimento proactivo dos adultos oriundos da imigra\u00e7\u00e3o, promovendo a sua participa\u00e7\u00e3o ativa em contextos sociais e culturais.<\/li><li style=\"list-style-type: none;\">\u00a0<\/li><\/ul><ul><li>Desenvolvimento de conhecimentos em mat\u00e9ria de regenera\u00e7\u00e3o urbana e economia circular: o projeto proporciona aos participantes conhecimentos e compet\u00eancias relacionados com as pr\u00e1ticas de regenera\u00e7\u00e3o urbana e economia circular. Estes conhecimentos t\u00eam uma dupla finalidade: dotar os membros do pessoal de ferramentas para melhorar a capacidade de conceber futuros projectos para adultos oriundos da imigra\u00e7\u00e3o e tamb\u00e9m para os alinhar com objectivos de sustentabilidade e inclus\u00e3o social.<\/li><\/ul>\t\t\t\t\t\t\t\t<\/div>\n\t\t\t\t<\/div>\n\t\t\t\t\t<\/div>\n\t\t<\/div>\n\t\t\t\t\t<\/div>\n\t\t<\/section>\n\t\t\t\t<\/div>","protected":false},"excerpt":{"rendered":"<p>Objectives IntegrArt is dedicated to fostering social inclusion and community engagement through innovative art-based approaches. The project is built around three core objectives: Using upcycled&hellip;<\/p>","protected":false},"author":1,"featured_media":0,"parent":0,"menu_order":0,"comment_status":"closed","ping_status":"closed","template":"","meta":{"footnotes":""},"class_list":["post-1532","page","type-page","status-publish","hentry"],"_links":{"self":[{"href":"https:\/\/ka1integrart.eu\/pt\/wp-json\/wp\/v2\/pages\/1532","targetHints":{"allow":["GET"]}}],"collection":[{"href":"https:\/\/ka1integrart.eu\/pt\/wp-json\/wp\/v2\/pages"}],"about":[{"href":"https:\/\/ka1integrart.eu\/pt\/wp-json\/wp\/v2\/types\/page"}],"author":[{"embeddable":true,"href":"https:\/\/ka1integrart.eu\/pt\/wp-json\/wp\/v2\/users\/1"}],"replies":[{"embeddable":true,"href":"https:\/\/ka1integrart.eu\/pt\/wp-json\/wp\/v2\/comments?post=1532"}],"version-history":[{"count":23,"href":"https:\/\/ka1integrart.eu\/pt\/wp-json\/wp\/v2\/pages\/1532\/revisions"}],"predecessor-version":[{"id":2097,"href":"https:\/\/ka1integrart.eu\/pt\/wp-json\/wp\/v2\/pages\/1532\/revisions\/2097"}],"wp:attachment":[{"href":"https:\/\/ka1integrart.eu\/pt\/wp-json\/wp\/v2\/media?parent=1532"}],"curies":[{"name":"wp","href":"https:\/\/api.w.org\/{rel}","templated":true}]}}